{"id":292,"date":"2019-08-14T14:44:48","date_gmt":"2019-08-14T14:44:48","guid":{"rendered":"https:\/\/radiopoitou.com\/chulture\/references-bibliographiques\/"},"modified":"2019-11-16T18:49:11","modified_gmt":"2019-11-16T18:49:11","slug":"references-daus-fasours","status":"publish","type":"page","link":"https:\/\/radiopoitou.com\/pv\/culture\/references-daus-fasours\/","title":{"rendered":"Ref\u00e9rences daus fasours"},"content":{"rendered":"<div class=\"wpb-content-wrapper\"><p>[vc_row][vc_column][vc_column_text]<b>*ANGIBAUD James <\/b>Le Subiochon Ed. Sp\u00e9ciale &#8220;Le pilot&#8221; Notre langue r\u00e9gionale pour et par les jeunes \/ SEFCO 2001<br \/>\n*<b>ARNAULT Jocelyne, MARTIN Guy et TISSANIE Catherine<\/b> Les Pibolous , leachun nous pa faere \/ Geste Editions 2017<br \/>\n<b>*BARILLOT Maryvonne <\/b>Contes et r\u00e9cits du pays mellois \/ Geste Editions 1994<b>\u00a0<\/b><br \/>\n<b>*BARILLOT Maryvonne<\/b> Des contes comme je les dis \/ Geste Editions 2007<b>\u00a0<\/b><br \/>\n<b>*BARILLOT Maryvonne<\/b> Le mardi-gras des chats \/ Foyer Rural St Loup l&#8217;Amair\u00e9 1984<b>\u00a0<\/b><br \/>\n<b>*BARRANGER Mich\u00e8le, HERGE<\/b> Tintin Les 7 boules de crist\u00e0u \/ Editions Casterman 2013<b>\u00a0<\/b><br \/>\n<b>*BEAU Robert <\/b>La grousse ouvrajhe. Une anna\u00efe \u00e0 la ferme. \/ SEFCO 1994.<br \/>\n<b>*BIDAUDE Bernadette LE QUELLEC Jean-Lo\u00efc<\/b> Contes du Marais \/ Geste Editions 1994<b>\u00a0<\/b><br \/>\n<b>*BONNEAU Daniel<\/b> Jhituns \/ Geste Editions et Arent\u00e8le 1994<b>\u00a0<\/b><br \/>\n<b>*BONTEMS Suzanne<\/b> Au pays de la moujhasse \/ Offset Cinq Editions 1998<b>\u00a0<\/b><br \/>\n<b>*BONTEMS Suzanne <\/b>Chantecoucou \/ Geste Editions 2004<b>\u00a0<\/b><br \/>\n<b>*BONTEMS Suzanne<\/b> Traine la grolle \/ Geste Editions 2008<b>\u00a0<\/b><br \/>\n<b>*BONTEMS Suzanne <\/b>Une vie de femme au XX\u00e8me si\u00e8cle \/ Geste Editions 2017<b>\u00a0<\/b><br \/>\n<b>*BRISSAUD Dani\u00e8le<\/b> La tradition en Poitou et Charentes \/ Editions Paris Niort 1897<br \/>\n<b>*BURGAUD DES MARETS Henri<\/b> Molichou et Gar\u00e7ouni\u00e8re \/ Geste Editions 2018<br \/>\n*<b>BUJEAUD J\u00e9rome<\/b> Chants et chansons populaires des provinces de l&#8217;Ouest \/ Editions Clouzot 1895<br \/>\n<b>*CHAIGNE Edgar <\/b>Le parlanjhe, patois pittoresque des pays de l&#8217;ouest Charentes Poitou Vend\u00e9e \/ Editions Aub\u00e9ron 1995<b>\u00a0<\/b><br \/>\n<b>*CHEMINEE Pascale<\/b> Des mots qui ont fait souche \/ Editions Garnier 2017<br \/>\n<b>*CHEVRIER Pierre<\/b> Isidore fait de la salade (th\u00e9\u00e2tre) \/ Foyer Rural du Dognon 2004<b>\u00a0<\/b><br \/>\n<b>*CHEVRIER Jean-Jacques<\/b> 2189 proverbes et dictons du Poitou Charentes Vend\u00e9e \/ Geste Editions 2007<b>\u00a0<\/b><br \/>\n<b>*CHEVRIER Jean-Jacques GAUTIER Michel <\/b>Le Poitevin Saintongeais, langue d&#8217;o\u00efl m\u00e9ridionale \/ Geste Editions 2002<b> <\/b><br \/>\n<b>*CHEVRIER Jean-Jacques <\/b>Petit imagier de Poitou Charentes Vend\u00e9e \/ Geste Editions 2001<b>\u00a0<\/b><br \/>\n<b>*COLLECTIF<\/b> Revue Le Picton Culture et Patrimoine en Poitou Charentes<br \/>\n<b>*COLLECTIF <\/b>Revue Le Subiet Aguiaine Le Subiochon Cots de Subiet 1901-2016<b> <\/b>\/ SEFCO <b><\/b><br \/>\n<b>*COLLECTIF<\/b> Revue La Boulite Histoire et Patrimoine de Saint Sauvant dans la Vienne.<br \/>\n<b>*COLLECTIF\u00a0<\/b> Les Veustugheons d\u2019 Chatignat (Chatignac) (th\u00e9\u00e2tre) \/ 1995 &#8211; 2005<b>\u00a0<\/b><br \/>\n<b>*COMANDON Odette<\/b> La Galipote (th\u00e9\u00e2tre) \/ Editions Groupe Folklorique de Mareuil 1958<br \/>\n<b>*COMANDON Odette<\/b> Contes et r\u00e9cits de la cagouille \/ Editions Delmas 1946<br \/>\n<b>*COUPAYE Marie H\u00e9l\u00e8ne<\/b> Contes &amp; L\u00e9gendes entre Anjou et Poitou \/ Geste Editions 2003<br \/>\n<b>*COUPAYE Marie H\u00e9l\u00e8ne<\/b> Mes contes en pays Loudunais \/ Geste Editions 2014<b>\u00a0<\/b><br \/>\n<b>*DOUSSINET Raymond<\/b> Grammaire Saintongeaise \/ Editions Rupella 1983<b>\u00a0<\/b><br \/>\n<b>*DOUSSINET Raymond <\/b>Le parler savoureux de Saintonge \/ Editions Rupella 1973<br \/>\n<b>*DUBOIS Ulysse<\/b> A l&#8217;unbre dou tilell \/ Editions Geste Paysanne U.P.C.P. 1983<b>\u00a0<\/b><br \/>\n<b>*DUBOIS Ulysse<\/b> Le livre d&#8217;imajhes \/ Geste Editions 2001<br \/>\n<b>*DUBOIS Ulysse BEAU Robert <\/b>Va lou dire i\u00e7hi queme<b> <\/b>allour \/ Geste Editions 1993<b>\u00a0<\/b><br \/>\n<b>*DUBOIS U ANGIBAUD J RENAUD M\u00a0 <\/b>Lexique fran\u00e7ais \/ Poitevin-Saintongeais \/ SEFCO 2004.<br \/>\n<b>*DUBOIS U DUGUET J MIGAULT JF RENAUD M <\/b>Glossaire des parlers populaires (4Tomes) \/ SEFCO 1992-1999<b>\u00a0<\/b><br \/>\n<b>*DUMAS Sabine <\/b>Conna\u00eetre la cuisine du Poitou \/ Editions Sud Ouest 2006<b>\u00a0<\/b><br \/>\n<b>*DUMOUSSEAU Pierre<\/b> Tous contes faits \/ Editions Le Cro\u00eet Vif 2010<br \/>\n<b>*FAURY Jacques<\/b> Le parler Charentocien Le Limousin de la Charente<b> <\/b>\/ Editions CPE 2012<b>\u00a0<\/b><br \/>\n<b>*FAVRE F. <\/b>Glossaire du Poitou, de la Saintonge et de l&#8217;Aunis \/ Editions La D\u00e9couvrance 2006<br \/>\n<b>*FORTUNE Jules<\/b> Pisser face au soleil et p\u00e9ter dans le vent \/ Geste Editions 1997<br \/>\n*<b>FOUCAULT Monette <\/b>Le d\u00e9licieux patois de ma grand m\u00e8re en Saintonge \/ Les Editions Ol\u00e9ronaises 2016<b> <\/b><br \/>\n<b>*GAGNERE Marius<\/b> Avant que le temps ne l\u2019emmeune \/ Editions La P\u00e9ruse 1987<br \/>\n<b>*GALLET-VILLECHANGE Maguy<\/b> F\u00eates traditionnelles en Poitou de Rabelais \u00e0 nos jours \/ Editions Brisseaud 1983<b>\u00a0<\/b><br \/>\n<b>*GAUTHIER Anne-Marie <\/b>Patois d\u2019chez nous. Histoires en poitevin \/ Editions Pyr\u00e9monde, 2012<br \/>\n<b>*GAUTHIER Pierre <\/b>Rolea: recueil de textes anonymes en Poitevin du XVII\u00e8me si\u00e8cle \/ Geste Editions 2002<b>\u00a0<\/b><br \/>\n<b>*GAUTIER Michel <\/b>Contes populaires de Vend\u00e9e \/ Geste Editions 2006<br \/>\n<b>*GAUTIER Michel <\/b>Grammaire du Poitevin Saintongeais \/ Geste Editions 1993<br \/>\n<b>*GAUTIER Michel <\/b>La fine amour \/ Geste Editions et Arent\u00e8le 2004<br \/>\n<b>*GAUTIER Michel<\/b> Le marais poitevin chant\u00e9 par Jules Gu\u00e9rin \/ Geste Editions 2013<b>\u00a0<\/b><br \/>\n<b>*GAUTIER Michel <\/b>Le vrai petit chaperon rouge et autres contes \/ Geste Editions 1999<br \/>\n<b>*GAUTIER Michel <\/b>Mordi\u00e9ne \/ Geste Editions 1992<br \/>\n<b>*GAUTIER Michel <\/b>Vu dire, chroniques vend\u00e9ennes \/ Geste Editions 1996<br \/>\n<b>*GAUTRON Alain <\/b>Histou\u00e8res dau vilajhe de la Beurlandrie \/ Editions des R\u00e9gionalismes<br \/>\n<b>*GAUTRON Alain<\/b> Les malheurs de D\u00e9sir\u00e9 Guenillou \/ non \u00e9dit\u00e9<br \/>\n<b>*GAUVIN Jacques<\/b> et son monde Le Poitou rural du XVIII\u00e8me si\u00e8cle \/ Geste Editions 2005<b>\u00a0<\/b><br \/>\n<b>*GEFFRE Raoul <\/b>Patoiseries de jadis et de nagu\u00e8re en Poitou Charentes Vend\u00e9e <b>\/<\/b> Editions Rupella 2002<b>\u00a0<\/b><br \/>\n<b>*GENET Christian<\/b> Gouleben\u00e9ze et les auteurs patoisants des deux Charentes \/ Geste Editions 2015<b>\u00a0<\/b><br \/>\n<b>*GENET Christian<\/b> Odette Comandon, la jhavasse des Charentes \/ Editions Les Galeries Gemozac 1998<b>\u00a0<\/b><br \/>\n<b>*GOULEBENEZE<\/b> Chansons et monologues Saintongeais (deux recueils) \/ Editions Moreau et Fils<br \/>\n<b>*GOULEBENEZE<\/b> Monologues chansons po\u00e8mes r\u00e9cits \/ Editions L. Lefebvre 1947<br \/>\n<b>*GOULEBENEZE <\/b>Mon vou\u00e9zin Gueurnut \/ Impression Savary Ga\u00ebtan 1924<br \/>\n<b>*GOULEBENEZE <\/b>Oeuvres compl\u00e8tes de Gouleben\u00e9ze \/ Editions Savary &amp; Fils 1931<br \/>\n<b>*GRENON Charly et PERONNEAU Pierre<\/b> Gouleben\u00e9ze, le Charentais par excellence \/ Editions Le Cro\u00eet Vif 2007<br \/>\n<b>*GRENON C LUCAZEAU JC MACHEFERT JE PERONNEAU P<\/b> L&#8217;air du Pays au soulail des Ch\u00e9rentes \/ Ed. Le Cro\u00eet Vif 2011<br \/>\n<b>*GUEDEAU Maryse, HERGE <\/b>Tintin Charboun apilot\u00e9 \/ Editions Casterman 2015<br \/>\n<b>*GUERIN-DUBOIS Josette <\/b>Aneut ol\u2019est pus coume avant\u00a0! (th\u00e9\u00e2tre) \/ Editions des R\u00e9gionalismes 2011<b>\u00a0<\/b><br \/>\n<b>*GUSTEAU Fran\u00e7ois<\/b> La mis\u00e8re des paysans \/ Editions Michel Gautier Geste 1999<b>\u00a0<\/b><br \/>\n<b>*HERMANS Jean-Michel<\/b> Bibliographie de la langue Saintongeaise \/ Editions des R\u00e9gionalismes<br \/>\n<b>*JAULIN Yannick <\/b>La cheneuille \/ Editions D&#8217;Orbestier 2014<b>\u00a0<\/b><br \/>\n<b>*JAULIN Yannick<\/b> La l\u00e9gende de Pougne H\u00e9risson \/ Editions Le Beau Monde 2000<b>\u00a0<\/b><br \/>\n<b>*JAULIN Yannick <\/b>Le dodo \/ Editions Paradox 2011<b>\u00a0<\/b><br \/>\n<b>*JAULIN Yannick <\/b>Terrien \/ Editions Paradox 2017<b>\u00a0<\/b><br \/>\n<b>*JAULIN Yannick<\/b> Voyage \u00e0 pas d&#8217;\u00e2ne, de la vend\u00e9e aux deux-s\u00e8vres \/ Geste Editions 2018<br \/>\n<b>*JAULIN Yannick LE QUELLEC Jean-Lo\u00efc <\/b>D&#8217;\u00e9paves \/ Editions UPCP 1970<b>\u00a0<\/b><br \/>\n<b>*JAULIN Yannick ROCAILLEUX Camille<\/b> Merlicoquet et contes de randonn\u00e9e \/ Editions Didier Jeunesse 2009<br \/>\n<b>*JAGUENEAU Liliane<\/b> Le parlanjhe de Poitou Charentes Vend\u00e9e en 30 questions \/ Geste Editions 1999<br \/>\n<b>*JAGUENEAU Liliane (collectif) <\/b>Tout dire en parlanjhe \/ Geste Editions 2011<br \/>\n<b>*JAGUENEAU Liliane (coord.) <\/b>Ecrire et parler poitevin-saintongeais du XVIe si\u00e8cle \u00e0 nos jours<i> \/ <\/i>Parlanjhe Vivant 2002<i><\/i><br \/>\n<b>*JAGUENEAU Liliane (coord.)<\/b> Images et dynamiques de la langue. \/ Editions L\u2019Harmattan, 2005.<br \/>\n<b>*J\u00d4NAIN Pierre <\/b>Jhoset et Suzanne ou Les saisons saintongeaises \/ Geste Editions 2009<b><\/b><br \/>\n<b>*LABODINIERE Georges<\/b> Gouleben\u00e9ze sa vie son oeuvre \/ Editions Rupella 1971<br \/>\n<b>*LACUVE Edouard dit &#8220;Jacquett&#8221;<\/b> Fables en patois poitevin imit\u00e9es de La Fontaine \/ Editions Edouard Lacuve 1893<br \/>\n<b>*LACUVE Edouard<\/b> Histou\u00e8re dos quate fails aumein tr\u00e8s noblles et tr\u00e8s vaillonts\u00a0 \/ 1885<b>\u00a0<\/b><br \/>\n<b>*LACUVE R-M <\/b>Ine brassaie de contes en lia laingage potevin \/ Editions Edouard Lacuve 1899<b>\u00a0<\/b><br \/>\n<b>*LACUVE R-M <\/b>Histou\u00e8re de la Meurlusine<b> <\/b>toute en bea lingage potevin<b> <\/b>\/ Editions Edouard Lacuve 1893<b>\u00a0<\/b><br \/>\n<b>*LAHLOU Josiane<\/b> Eudes d&#8217;Aquitaine, l&#8217;autre vainqueur oubli\u00e9 de la bataille de Poitiers \/ Le Pictavien Editeur 2012<br \/>\n<b>*LEFEBVRE Jacques<\/b> Les \u00e9glises du Mellois \/ Association Gilbert de la Porr\u00e9e 2008<br \/>\n<b>*LE GRAND SIMOUNETT (HERMAND Jacques)<\/b> Galope-chenaux \/ Editions Le Cro\u00eet-Vif 1997<b>\u00a0<\/b><br \/>\n<b>*LE QUELLEC Jean-Lo\u00efc<\/b> Mini dictionnaire des \u00eatres fantastiques des Deux-S\u00e8vres \/ Geste Editions 1998<br \/>\n<b>*LE QUELLEC Jean-Lo\u00efc<\/b> Proverbes de vend\u00e9e \/ Geste Editions<b>\u00a0<\/b><br \/>\n<b>*LE QUELLEC Jean-Lo\u00efc<\/b> Les sobriquets dau bas poetou \/ Editions UPCP Arent\u00e8le 1988<b>\u00a0<\/b><br \/>\n<b>*LUCAZEAU Jean-Claude<\/b> (textes et dessins) Les Saintongeais<b> <\/b>(7 volumes) <b>\/<\/b> Nouvelles Editions Bordessoules<b> <\/b>2004 2012<b>\u00a0<\/b><br \/>\n<b>*LUMET Jean Claude\u00a0<\/b> Ani-mots en folie \/ Geste Editions 2008<br \/>\n<b>*MARTIN MINARET Nicolas SAINT EXUPERY Antoine<\/b> Le pr\u00e9ncot (le petit prince) \/ Editions des R\u00e9gionalismes 2013<b>\u00a0<\/b><br \/>\n<b>*MASSIGNON Genevi\u00e8ve HORIOT Brigitte<\/b> Atlas linguistique et ethnographique (3 tomes) \/ CNRS 1971 1983<b>\u00a0<\/b><br \/>\n<b>*MASSON Roger Rapha\u00ebl<\/b> D&#8217;Evariste Poitevin \u00e0 Gouleben\u00e9ze \/ SEFCO 1984<br \/>\n<b>*MEMIN Lucie\u00a0<\/b>Thyittez causer les p\u2019tits pap\u00e9s \/ Editions des R\u00e9gionalismes 2010<br \/>\n<b>*MIGAULT Jean <\/b>Le Journal de Jean Migault Les dragonnades en Poitou et Saintonge \/ Geste Editions 2000<b>\u00a0<\/b><br \/>\n<b>*MINOT Marie<\/b> Un dimanche au tanto\u00fbt \/ Impression Jean-Louis Minot 2002<br \/>\n<b>*MONTEBELLO Denis<\/b> Contes et L\u00e9gendes du Poitou et des Charentes \/ Editions Nathan 1997<b> <\/b><br \/>\n<b>*MUSSET G PELLISSON M VIGEN C <\/b>Glossaire des patois et parlers de l&#8217;Aunis et de la Saintonge \/ Masson &amp; Fils 1931<br \/>\n<b>*NOWAK Eric<\/b> Histoire et g\u00e9ographie des parlers Poitevins et Saintongeais \/ Editions des R\u00e9gionalismes 2011<br \/>\n<b>*NOWAK Eric<\/b> L\u00e9gendes et comptines d\u2019animaux du Nord-Gironde et Charentes \/ Geste Editions 1996<br \/>\n<b>*NOWAK Eric<\/b> L\u00e9gendes fantastiques charentaises et gabayes \/ Geste Editions 2000<br \/>\n<b>*NOWAK Eric<\/b> Le parlange attestations, usage, origine et anciennet\u00e9 du mot \/ Editions des R\u00e9gionalismes 2010<br \/>\n<b>*NOWAK Eric<\/b> Le parler de Poitou Charentes Vend\u00e9e \/ Editions C. Bonneton 2011<b>\u00a0<\/b><br \/>\n<b>*NOWAK Eric<\/b> Les contes traditionnels du Poitou \/ Editions CPE 2011<br \/>\n<b>*NOWAK Eric <\/b>Les l\u00e9gendes fantastiques de la Vienne \/ Geste Editions 2000<b> <\/b><br \/>\n<b>*NOWAK Eric <\/b>Patois et chansons de nos grands-p\u00e8res Charentais \/ Editions CPE 2011<br \/>\n<b>*NOWAK Eric <\/b>Patois et chansons de nos grands-p\u00e8res en Poitou \/ Editions CPE 2012<br \/>\n<b>*PACHER Andr\u00e9<\/b> Vilajhe \u00e0 vendre \/ Geste Editions 1997<br \/>\n<b>*PIGNON Jacques <\/b>La gente poitevinrie &#8211; textes en patois poitevin du XVI\u00e8me si\u00e8cle \/ Geste Editions<br \/>\n<b>*PINEAU L\u00e9on<\/b> Contes du Poitou \/ Editions Ouest France 2006<br \/>\n<b>*PINEAU L\u00e9on<\/b> Le folklore du Poitou \/ Editions des R\u00e9gionalismes 2017<br \/>\n<b>*PIVETEA Vianney<\/b> Dictionnaire du Poitevin Saintongeais \/ Geste Editions 1996<b>\u00a0<\/b><br \/>\n<b>*PIVETEAU Vianney (collectif) <\/b>1874-1984 Ecrivajhes, anthologie en poitevin saintongeais<b> \/ <\/b>Editions U.P.C.P. Geste<br \/>\n<b>*PROUST BOUFFARD Genevi\u00e8ve<\/b> Gens de chez nous au coeur du Poitou \/ Auto \u00e9dition, non dat\u00e9<br \/>\n<b>*RABAULT Yves<\/b> Histou\u00e8res et chantuseries, pr\u00e9face de L\u00e9on Zitrone \/ Editions du Terroir 1982<b>\u00a0<\/b><br \/>\n<b>*RIBOUILLAULT Claude<\/b> Chansons populaires du Poitou Charentes Vend\u00e9e \/ Geste Editions 2006<br \/>\n<b>*ROUGER Hubert <\/b>Le Jhavasson raconte \/ Editions des R\u00e9gionalismes<br \/>\n<b>*SERVANT Raymond <\/b>Po\u00e8mes &#8211; non \u00e9dit\u00e9s<br \/>\n<b>*SURGET Eric<\/b> <b>(collectif) <\/b>D&#8217;Yver \u00e0 Aubign\u00e9, contes et po\u00e9sies du Poitou 1560-1630 \/ Editions Patrimoines M\u00e9dias 2016<b>\u00a0<\/b><br \/>\n<b>*TANNEAU Gilbert<\/b> En devirant per l&#8217;\u00e9tourl\u00e8re \/ Editions U.P.C.P. Parlanjhe 1989<br \/>\n<b>*TRAVER Emilien<\/b> Le Patois Poitevin \/ Editions Imprimerie H. Chasseray 1944<b>\u00a0<\/b><br \/>\n<b>*TOUZOT Mathieu <\/b>La musique a-t-elle un sens ? \/ The Book Editions 2019<br \/>\n<b>*URGEL Charles<\/b> Glossaire de langue Gabache \/ Editions Liliane Jagueneau 2014<br \/>\n<b>*VIDAUD Marie PINTUREAU Marie VALIERE Michel <\/b>Paroles d&#8217;or et d&#8217;argent CDDP de la Charente 1994<b>\u00a0<\/b><br \/>\n<b>*VIELLIARD Jeanne<\/b> Le guide du p\u00e9lerin de Saint Jacques de Compostelle \/ Librairie Philosophique J. Vrin 2004<b>\u00a0<\/b><br \/>\n<b>*VRAY Nicole <\/b>La guerre des religions dans la France de l&#8217;Ouest \/ Geste Editions 1997[\/vc_column_text][\/vc_column][\/vc_row]<\/p>\n<\/div>","protected":false},"excerpt":{"rendered":"<p>[vc_row][vc_column][vc_column_text]*ANGIBAUD James Le Subiochon Ed. Sp\u00e9ciale &#8220;Le pilot&#8221; Notre langue r\u00e9gionale pour et par les jeunes \/ SEFCO 2001 *ARNAULT Jocelyne, MARTIN Guy et TISSANIE Catherine Les Pibolous , leachun nous pa faere \/ Geste Editions 2017 *BARILLOT Maryvonne Contes et r\u00e9cits du pays mellois \/ Geste Editions 1994\u00a0 *BARILLOT Maryvonne Des contes comme je&nbsp;&hellip;<\/p>\n","protected":false},"author":1,"featured_media":0,"parent":277,"menu_order":0,"comment_status":"closed","ping_status":"closed","template":"","meta":{"footnotes":""},"class_list":["post-292","page","type-page","status-publish","hentry"],"acf":[],"yoast_head":"<!-- This site is optimized with the Yoast SEO plugin v27.0 - https:\/\/yoast.com\/product\/yoast-seo-wordpress\/ -->\n<title>Ref\u00e9rences daus fasours - Radio Poetou - Parlanjhe, \u00e7hulture pi Musiques<\/title>\n<meta name=\"robots\" content=\"index, follow, max-snippet:-1, max-image-preview:large, max-video-preview:-1\" \/>\n<link rel=\"canonical\" href=\"https:\/\/radiopoitou.com\/pv\/culture\/references-daus-fasours\/\" \/>\n<meta property=\"og:locale\" content=\"en_US\" \/>\n<meta property=\"og:type\" content=\"article\" \/>\n<meta property=\"og:title\" content=\"Ref\u00e9rences daus fasours - Radio Poetou - Parlanjhe, \u00e7hulture pi Musiques\" \/>\n<meta property=\"og:description\" content=\"[vc_row][vc_column][vc_column_text]*ANGIBAUD James Le Subiochon Ed. Sp\u00e9ciale &#8220;Le pilot&#8221; Notre langue r\u00e9gionale pour et par les jeunes \/ SEFCO 2001 *ARNAULT Jocelyne, MARTIN Guy et TISSANIE Catherine Les Pibolous , leachun nous pa faere \/ Geste Editions 2017 *BARILLOT Maryvonne Contes et r\u00e9cits du pays mellois \/ Geste Editions 1994\u00a0 *BARILLOT Maryvonne Des contes comme je&nbsp;&hellip;\" \/>\n<meta property=\"og:url\" content=\"https:\/\/radiopoitou.com\/pv\/culture\/references-daus-fasours\/\" \/>\n<meta property=\"og:site_name\" content=\"Radio Poetou - Parlanjhe, \u00e7hulture pi Musiques\" \/>\n<meta property=\"article:modified_time\" content=\"2019-11-16T18:49:11+00:00\" \/>\n<meta name=\"twitter:card\" content=\"summary_large_image\" \/>\n<meta name=\"twitter:label1\" content=\"Est. reading time\" \/>\n\t<meta name=\"twitter:data1\" content=\"8 minutes\" \/>\n<script type=\"application\/ld+json\" class=\"yoast-schema-graph\">{\"@context\":\"https:\/\/schema.org\",\"@graph\":[{\"@type\":\"WebPage\",\"@id\":\"https:\/\/radiopoitou.com\/pv\/culture\/references-daus-fasours\/\",\"url\":\"https:\/\/radiopoitou.com\/pv\/culture\/references-daus-fasours\/\",\"name\":\"Ref\u00e9rences daus fasours - Radio Poetou - Parlanjhe, \u00e7hulture pi Musiques\",\"isPartOf\":{\"@id\":\"https:\/\/radiopoitou.com\/pv\/#website\"},\"datePublished\":\"2019-08-14T14:44:48+00:00\",\"dateModified\":\"2019-11-16T18:49:11+00:00\",\"breadcrumb\":{\"@id\":\"https:\/\/radiopoitou.com\/pv\/culture\/references-daus-fasours\/#breadcrumb\"},\"inLanguage\":\"pv-PV\",\"potentialAction\":[{\"@type\":\"ReadAction\",\"target\":[\"https:\/\/radiopoitou.com\/pv\/culture\/references-daus-fasours\/\"]}]},{\"@type\":\"BreadcrumbList\",\"@id\":\"https:\/\/radiopoitou.com\/pv\/culture\/references-daus-fasours\/#breadcrumb\",\"itemListElement\":[{\"@type\":\"ListItem\",\"position\":1,\"name\":\"Radio Poitou\",\"item\":\"https:\/\/radiopoitou.com\/pv\/\"},{\"@type\":\"ListItem\",\"position\":2,\"name\":\"\u00c7hulture\",\"item\":\"https:\/\/radiopoitou.com\/pv\/culture\/\"},{\"@type\":\"ListItem\",\"position\":3,\"name\":\"Ref\u00e9rences daus fasours\"}]},{\"@type\":\"WebSite\",\"@id\":\"https:\/\/radiopoitou.com\/pv\/#website\",\"url\":\"https:\/\/radiopoitou.com\/pv\/\",\"name\":\"Radio Poetou - Parlanjhe, \u00e7hulture pi Musiques\",\"description\":\"100 % de musiques de la r\u00e9jhiun !\",\"potentialAction\":[{\"@type\":\"SearchAction\",\"target\":{\"@type\":\"EntryPoint\",\"urlTemplate\":\"https:\/\/radiopoitou.com\/pv\/?s={search_term_string}\"},\"query-input\":{\"@type\":\"PropertyValueSpecification\",\"valueRequired\":true,\"valueName\":\"search_term_string\"}}],\"inLanguage\":\"pv-PV\"}]}<\/script>\n<!-- \/ Yoast SEO plugin. -->","yoast_head_json":{"title":"Ref\u00e9rences daus fasours - Radio Poetou - Parlanjhe, \u00e7hulture pi Musiques","robots":{"index":"index","follow":"follow","max-snippet":"max-snippet:-1","max-image-preview":"max-image-preview:large","max-video-preview":"max-video-preview:-1"},"canonical":"https:\/\/radiopoitou.com\/pv\/culture\/references-daus-fasours\/","og_locale":"en_US","og_type":"article","og_title":"Ref\u00e9rences daus fasours - Radio Poetou - Parlanjhe, \u00e7hulture pi Musiques","og_description":"[vc_row][vc_column][vc_column_text]*ANGIBAUD James Le Subiochon Ed. Sp\u00e9ciale &#8220;Le pilot&#8221; Notre langue r\u00e9gionale pour et par les jeunes \/ SEFCO 2001 *ARNAULT Jocelyne, MARTIN Guy et TISSANIE Catherine Les Pibolous , leachun nous pa faere \/ Geste Editions 2017 *BARILLOT Maryvonne Contes et r\u00e9cits du pays mellois \/ Geste Editions 1994\u00a0 *BARILLOT Maryvonne Des contes comme je&nbsp;&hellip;","og_url":"https:\/\/radiopoitou.com\/pv\/culture\/references-daus-fasours\/","og_site_name":"Radio Poetou - Parlanjhe, \u00e7hulture pi Musiques","article_modified_time":"2019-11-16T18:49:11+00:00","twitter_card":"summary_large_image","twitter_misc":{"Est. reading time":"8 minutes"},"schema":{"@context":"https:\/\/schema.org","@graph":[{"@type":"WebPage","@id":"https:\/\/radiopoitou.com\/pv\/culture\/references-daus-fasours\/","url":"https:\/\/radiopoitou.com\/pv\/culture\/references-daus-fasours\/","name":"Ref\u00e9rences daus fasours - Radio Poetou - Parlanjhe, \u00e7hulture pi Musiques","isPartOf":{"@id":"https:\/\/radiopoitou.com\/pv\/#website"},"datePublished":"2019-08-14T14:44:48+00:00","dateModified":"2019-11-16T18:49:11+00:00","breadcrumb":{"@id":"https:\/\/radiopoitou.com\/pv\/culture\/references-daus-fasours\/#breadcrumb"},"inLanguage":"pv-PV","potentialAction":[{"@type":"ReadAction","target":["https:\/\/radiopoitou.com\/pv\/culture\/references-daus-fasours\/"]}]},{"@type":"BreadcrumbList","@id":"https:\/\/radiopoitou.com\/pv\/culture\/references-daus-fasours\/#breadcrumb","itemListElement":[{"@type":"ListItem","position":1,"name":"Radio Poitou","item":"https:\/\/radiopoitou.com\/pv\/"},{"@type":"ListItem","position":2,"name":"\u00c7hulture","item":"https:\/\/radiopoitou.com\/pv\/culture\/"},{"@type":"ListItem","position":3,"name":"Ref\u00e9rences daus fasours"}]},{"@type":"WebSite","@id":"https:\/\/radiopoitou.com\/pv\/#website","url":"https:\/\/radiopoitou.com\/pv\/","name":"Radio Poetou - Parlanjhe, \u00e7hulture pi Musiques","description":"100 % de musiques de la r\u00e9jhiun !","potentialAction":[{"@type":"SearchAction","target":{"@type":"EntryPoint","urlTemplate":"https:\/\/radiopoitou.com\/pv\/?s={search_term_string}"},"query-input":{"@type":"PropertyValueSpecification","valueRequired":true,"valueName":"search_term_string"}}],"inLanguage":"pv-PV"}]}},"_links":{"self":[{"href":"https:\/\/radiopoitou.com\/pv\/wp-json\/wp\/v2\/pages\/292","targetHints":{"allow":["GET"]}}],"collection":[{"href":"https:\/\/radiopoitou.com\/pv\/wp-json\/wp\/v2\/pages"}],"about":[{"href":"https:\/\/radiopoitou.com\/pv\/wp-json\/wp\/v2\/types\/page"}],"author":[{"embeddable":true,"href":"https:\/\/radiopoitou.com\/pv\/wp-json\/wp\/v2\/users\/1"}],"replies":[{"embeddable":true,"href":"https:\/\/radiopoitou.com\/pv\/wp-json\/wp\/v2\/comments?post=292"}],"version-history":[{"count":0,"href":"https:\/\/radiopoitou.com\/pv\/wp-json\/wp\/v2\/pages\/292\/revisions"}],"up":[{"embeddable":true,"href":"https:\/\/radiopoitou.com\/pv\/wp-json\/wp\/v2\/pages\/277"}],"wp:attachment":[{"href":"https:\/\/radiopoitou.com\/pv\/wp-json\/wp\/v2\/media?parent=292"}],"curies":[{"name":"wp","href":"https:\/\/api.w.org\/{rel}","templated":true}]}}