{"id":280,"date":"2019-08-12T18:41:53","date_gmt":"2019-08-12T18:41:53","guid":{"rendered":"https:\/\/radiopoitou.com\/lassociation\/"},"modified":"2020-01-25T18:49:01","modified_gmt":"2020-01-25T18:49:01","slug":"associatiun","status":"publish","type":"page","link":"https:\/\/radiopoitou.com\/pv\/associatiun\/","title":{"rendered":"La Par\u00e7ounerie"},"content":{"rendered":"<div class=\"wpb-content-wrapper\"><p>[vc_row][vc_column][vc_column_text]L<em>a par\u00e7ounerie<strong> La Jharasserie<\/strong><\/em>, plla\u00e7\u00e0ie dau coutai de Melle (79), \u00e0 l&#8217;Encllave de S\u00f9nt L\u00e9jher de la Martin\u00e9re, at pr but\u00e0e de difus\u00e0e la \u00e7hulture pi la musique dau Poetou, \u00e9 de m\u00e9tre en valour la div\u00e9rsitai \u00e7hulturale. Al cr\u00e9ye Radio Po\u00e9tou en \u00e0ut 2019.<\/p>\n<p>La radio s&#8217;adevanci, den in ouvrajhe de diffusiun d&#8217;totes l\u00e9s musiques dau p\u00e9i, \u00e9 pi otou, dau parlanjhe r\u00e9jhiounaus (chansun \u00e9 pi cunte). Al ennanjhe <strong><em>la musique daus musiciuns de la r\u00e9jhiun<\/em>, <\/strong>daus s\u00e9nes dau p\u00e9i, de f\u00e9ti, \u00e7h\u00e9le en cuntr\u00e9yance aux musiques sorties de l\u2019\u00e9ndustrie musicale, \u00e7hi \u00e9t ben s\u00fbr ben r\u00e9de muntr\u00e0e prtout allour, otou den les radios \u00e9 pi l\u00e9s t\u00e9l\u00e9visiuns r\u00e9jhiounales.<\/p>\n<p><em><strong>Ine radio voure les maelenjhes sunt nature.<\/strong><\/em> Al ennanjhe daus enrejhistrures de fun, de la \u00e7hulture r\u00e9jhiounale, dau passai coume de \u00e7h\u00e9s tenps, \u00e7hi sunt malurousement ennanjh\u00e0e nule part allour. Car ol\u00e9 ben i\u00e7hi l&#8217;ida\u00efe de cunbll\u00e0e in bllan de diffusiun den l\u00e9s radios \u00e9 pi l\u00e9s t\u00e9l\u00e9visiuns. \u00c7heu manque cru\u00e0udement \u00e0 la vie \u00e7hulturale.<\/p>\n<p><em>La par\u00e7ounerie La Jharasserie avour at oghu <\/em><em>h\u00e9t\u00e0e \u00e9 pi <\/em><em>h\u00e9te \u00e9tre, dau meu qu&#8217;al le peurat, in passajh\u00e0e de la \u00e7hulture dau p\u00e9i.<\/em><\/p>\n<p><strong>Epar\u00e0e-zou trtous, ennanjh\u00e0e souvent Radio Poetou.<\/strong>[\/vc_column_text][\/vc_column][\/vc_row]<\/p>\n<\/div>","protected":false},"excerpt":{"rendered":"<p>[vc_row][vc_column][vc_column_text]La par\u00e7ounerie La Jharasserie, plla\u00e7\u00e0ie dau coutai de Melle (79), \u00e0 l&#8217;Encllave de S\u00f9nt L\u00e9jher de la Martin\u00e9re, at pr but\u00e0e de difus\u00e0e la \u00e7hulture pi la musique dau Poetou, \u00e9 de m\u00e9tre en valour la div\u00e9rsitai \u00e7hulturale. Al cr\u00e9ye Radio Po\u00e9tou en \u00e0ut 2019. La radio s&#8217;adevanci, den in ouvrajhe de diffusiun d&#8217;totes l\u00e9s&nbsp;&hellip;<\/p>\n","protected":false},"author":2,"featured_media":0,"parent":0,"menu_order":0,"comment_status":"closed","ping_status":"closed","template":"","meta":{"footnotes":""},"class_list":["post-280","page","type-page","status-publish","hentry"],"acf":[],"yoast_head":"<!-- This site is optimized with the Yoast SEO plugin v27.0 - https:\/\/yoast.com\/product\/yoast-seo-wordpress\/ -->\n<title>La Par\u00e7ounerie - Radio Poetou - Parlanjhe, \u00e7hulture pi Musiques<\/title>\n<meta name=\"robots\" content=\"index, follow, max-snippet:-1, max-image-preview:large, max-video-preview:-1\" \/>\n<link rel=\"canonical\" href=\"https:\/\/radiopoitou.com\/pv\/associatiun\/\" \/>\n<meta property=\"og:locale\" content=\"en_US\" \/>\n<meta property=\"og:type\" content=\"article\" \/>\n<meta property=\"og:title\" content=\"La Par\u00e7ounerie - Radio Poetou - Parlanjhe, \u00e7hulture pi Musiques\" \/>\n<meta property=\"og:description\" content=\"[vc_row][vc_column][vc_column_text]La par\u00e7ounerie La Jharasserie, plla\u00e7\u00e0ie dau coutai de Melle (79), \u00e0 l&#8217;Encllave de S\u00f9nt L\u00e9jher de la Martin\u00e9re, at pr but\u00e0e de difus\u00e0e la \u00e7hulture pi la musique dau Poetou, \u00e9 de m\u00e9tre en valour la div\u00e9rsitai \u00e7hulturale. Al cr\u00e9ye Radio Po\u00e9tou en \u00e0ut 2019. La radio s&#8217;adevanci, den in ouvrajhe de diffusiun d&#8217;totes l\u00e9s&nbsp;&hellip;\" \/>\n<meta property=\"og:url\" content=\"https:\/\/radiopoitou.com\/pv\/associatiun\/\" \/>\n<meta property=\"og:site_name\" content=\"Radio Poetou - Parlanjhe, \u00e7hulture pi Musiques\" \/>\n<meta property=\"article:modified_time\" content=\"2020-01-25T18:49:01+00:00\" \/>\n<meta name=\"twitter:card\" content=\"summary_large_image\" \/>\n<meta name=\"twitter:label1\" content=\"Est. reading time\" \/>\n\t<meta name=\"twitter:data1\" content=\"1 minute\" \/>\n<script type=\"application\/ld+json\" class=\"yoast-schema-graph\">{\"@context\":\"https:\/\/schema.org\",\"@graph\":[{\"@type\":\"WebPage\",\"@id\":\"https:\/\/radiopoitou.com\/pv\/associatiun\/\",\"url\":\"https:\/\/radiopoitou.com\/pv\/associatiun\/\",\"name\":\"La Par\u00e7ounerie - Radio Poetou - Parlanjhe, \u00e7hulture pi Musiques\",\"isPartOf\":{\"@id\":\"https:\/\/radiopoitou.com\/pv\/#website\"},\"datePublished\":\"2019-08-12T18:41:53+00:00\",\"dateModified\":\"2020-01-25T18:49:01+00:00\",\"breadcrumb\":{\"@id\":\"https:\/\/radiopoitou.com\/pv\/associatiun\/#breadcrumb\"},\"inLanguage\":\"pv-PV\",\"potentialAction\":[{\"@type\":\"ReadAction\",\"target\":[\"https:\/\/radiopoitou.com\/pv\/associatiun\/\"]}]},{\"@type\":\"BreadcrumbList\",\"@id\":\"https:\/\/radiopoitou.com\/pv\/associatiun\/#breadcrumb\",\"itemListElement\":[{\"@type\":\"ListItem\",\"position\":1,\"name\":\"Radio Poitou\",\"item\":\"https:\/\/radiopoitou.com\/pv\/\"},{\"@type\":\"ListItem\",\"position\":2,\"name\":\"La Par\u00e7ounerie\"}]},{\"@type\":\"WebSite\",\"@id\":\"https:\/\/radiopoitou.com\/pv\/#website\",\"url\":\"https:\/\/radiopoitou.com\/pv\/\",\"name\":\"Radio Poetou - Parlanjhe, \u00e7hulture pi Musiques\",\"description\":\"100 % de musiques de la r\u00e9jhiun !\",\"potentialAction\":[{\"@type\":\"SearchAction\",\"target\":{\"@type\":\"EntryPoint\",\"urlTemplate\":\"https:\/\/radiopoitou.com\/pv\/?s={search_term_string}\"},\"query-input\":{\"@type\":\"PropertyValueSpecification\",\"valueRequired\":true,\"valueName\":\"search_term_string\"}}],\"inLanguage\":\"pv-PV\"}]}<\/script>\n<!-- \/ Yoast SEO plugin. -->","yoast_head_json":{"title":"La Par\u00e7ounerie - Radio Poetou - Parlanjhe, \u00e7hulture pi Musiques","robots":{"index":"index","follow":"follow","max-snippet":"max-snippet:-1","max-image-preview":"max-image-preview:large","max-video-preview":"max-video-preview:-1"},"canonical":"https:\/\/radiopoitou.com\/pv\/associatiun\/","og_locale":"en_US","og_type":"article","og_title":"La Par\u00e7ounerie - Radio Poetou - Parlanjhe, \u00e7hulture pi Musiques","og_description":"[vc_row][vc_column][vc_column_text]La par\u00e7ounerie La Jharasserie, plla\u00e7\u00e0ie dau coutai de Melle (79), \u00e0 l&#8217;Encllave de S\u00f9nt L\u00e9jher de la Martin\u00e9re, at pr but\u00e0e de difus\u00e0e la \u00e7hulture pi la musique dau Poetou, \u00e9 de m\u00e9tre en valour la div\u00e9rsitai \u00e7hulturale. Al cr\u00e9ye Radio Po\u00e9tou en \u00e0ut 2019. La radio s&#8217;adevanci, den in ouvrajhe de diffusiun d&#8217;totes l\u00e9s&nbsp;&hellip;","og_url":"https:\/\/radiopoitou.com\/pv\/associatiun\/","og_site_name":"Radio Poetou - Parlanjhe, \u00e7hulture pi Musiques","article_modified_time":"2020-01-25T18:49:01+00:00","twitter_card":"summary_large_image","twitter_misc":{"Est. reading time":"1 minute"},"schema":{"@context":"https:\/\/schema.org","@graph":[{"@type":"WebPage","@id":"https:\/\/radiopoitou.com\/pv\/associatiun\/","url":"https:\/\/radiopoitou.com\/pv\/associatiun\/","name":"La Par\u00e7ounerie - Radio Poetou - Parlanjhe, \u00e7hulture pi Musiques","isPartOf":{"@id":"https:\/\/radiopoitou.com\/pv\/#website"},"datePublished":"2019-08-12T18:41:53+00:00","dateModified":"2020-01-25T18:49:01+00:00","breadcrumb":{"@id":"https:\/\/radiopoitou.com\/pv\/associatiun\/#breadcrumb"},"inLanguage":"pv-PV","potentialAction":[{"@type":"ReadAction","target":["https:\/\/radiopoitou.com\/pv\/associatiun\/"]}]},{"@type":"BreadcrumbList","@id":"https:\/\/radiopoitou.com\/pv\/associatiun\/#breadcrumb","itemListElement":[{"@type":"ListItem","position":1,"name":"Radio Poitou","item":"https:\/\/radiopoitou.com\/pv\/"},{"@type":"ListItem","position":2,"name":"La Par\u00e7ounerie"}]},{"@type":"WebSite","@id":"https:\/\/radiopoitou.com\/pv\/#website","url":"https:\/\/radiopoitou.com\/pv\/","name":"Radio Poetou - Parlanjhe, \u00e7hulture pi Musiques","description":"100 % de musiques de la r\u00e9jhiun !","potentialAction":[{"@type":"SearchAction","target":{"@type":"EntryPoint","urlTemplate":"https:\/\/radiopoitou.com\/pv\/?s={search_term_string}"},"query-input":{"@type":"PropertyValueSpecification","valueRequired":true,"valueName":"search_term_string"}}],"inLanguage":"pv-PV"}]}},"_links":{"self":[{"href":"https:\/\/radiopoitou.com\/pv\/wp-json\/wp\/v2\/pages\/280","targetHints":{"allow":["GET"]}}],"collection":[{"href":"https:\/\/radiopoitou.com\/pv\/wp-json\/wp\/v2\/pages"}],"about":[{"href":"https:\/\/radiopoitou.com\/pv\/wp-json\/wp\/v2\/types\/page"}],"author":[{"embeddable":true,"href":"https:\/\/radiopoitou.com\/pv\/wp-json\/wp\/v2\/users\/2"}],"replies":[{"embeddable":true,"href":"https:\/\/radiopoitou.com\/pv\/wp-json\/wp\/v2\/comments?post=280"}],"version-history":[{"count":0,"href":"https:\/\/radiopoitou.com\/pv\/wp-json\/wp\/v2\/pages\/280\/revisions"}],"wp:attachment":[{"href":"https:\/\/radiopoitou.com\/pv\/wp-json\/wp\/v2\/media?parent=280"}],"curies":[{"name":"wp","href":"https:\/\/api.w.org\/{rel}","templated":true}]}}